{"id":9,"date":"2023-06-03T19:40:33","date_gmt":"2023-06-03T22:40:33","guid":{"rendered":"https:\/\/zzaopersonal.net\/?page_id=9"},"modified":"2023-06-30T19:25:23","modified_gmt":"2023-06-30T22:25:23","slug":"inicio","status":"publish","type":"page","link":"https:\/\/zzaopersonal.net\/","title":{"rendered":"Inicio"},"content":{"rendered":"<style>\/*! elementor - v3.14.0 - 26-06-2023 *\/\n.elementor-column .elementor-spacer-inner{height:var(--spacer-size)}.e-con{--container-widget-width:100%}.e-con-inner>.elementor-widget-spacer,.e-con>.elementor-widget-spacer{width:var(--container-widget-width,var(--spacer-size));--align-self:var(--container-widget-align-self,initial);--flex-shrink:0}.e-con-inner>.elementor-widget-spacer>.elementor-widget-container,.e-con-inner>.elementor-widget-spacer>.elementor-widget-container>.elementor-spacer,.e-con>.elementor-widget-spacer>.elementor-widget-container,.e-con>.elementor-widget-spacer>.elementor-widget-container>.elementor-spacer{height:100%}.e-con-inner>.elementor-widget-spacer>.elementor-widget-container>.elementor-spacer>.elementor-spacer-inner,.e-con>.elementor-widget-spacer>.elementor-widget-container>.elementor-spacer>.elementor-spacer-inner{height:var(--container-widget-height,var(--spacer-size))}<\/style>\n<style>\/*! elementor - v3.14.0 - 26-06-2023 *\/\n.elementor-widget-image{text-align:center}.elementor-widget-image a{display:inline-block}.elementor-widget-image a img[src$=\".svg\"]{width:48px}.elementor-widget-image img{vertical-align:middle;display:inline-block}<\/style>\n<p>\t\t\t\t\t\t\t\t\t\t\t\t<img decoding=\"async\" width=\"443\" height=\"553\" src=\"http:\/\/zzaopersonal.net\/wp-content\/uploads\/2023\/06\/foto_do_Gabriel.png\" alt=\"\" loading=\"lazy\" srcset=\"https:\/\/zzaopersonal.net\/wp-content\/uploads\/2023\/06\/foto_do_Gabriel.png 443w, https:\/\/zzaopersonal.net\/wp-content\/uploads\/2023\/06\/foto_do_Gabriel-240x300.png 240w\" sizes=\"auto, (max-width: 443px) 100vw, 443px\" \/>\t\t\t\t\t\t\t\t\t\t\t\t\t\t\t<\/p>\n<style>\/*! elementor - v3.14.0 - 26-06-2023 *\/\n.elementor-heading-title{padding:0;margin:0;line-height:1}.elementor-widget-heading .elementor-heading-title[class*=elementor-size-]>a{color:inherit;font-size:inherit;line-height:inherit}.elementor-widget-heading .elementor-heading-title.elementor-size-small{font-size:15px}.elementor-widget-heading .elementor-heading-title.elementor-size-medium{font-size:19px}.elementor-widget-heading .elementor-heading-title.elementor-size-large{font-size:29px}.elementor-widget-heading .elementor-heading-title.elementor-size-xl{font-size:39px}.elementor-widget-heading .elementor-heading-title.elementor-size-xxl{font-size:59px}<\/style>\n<h1>PRAZER, GABRIEL AZEVEDO!<\/h1>\n<p>Meu nome \u00e9 Gabriel Azevedo de Paula Arcanjo. Sou um cara que v\u00ea prazer em ver o resultado dos meu alunos. Sejam esses resultados f\u00edsicos ou at\u00e9 mesmo psicol\u00f3gicos. Meu intuito com a consultoria e poder atender de forma correta e prestativa o m\u00e1ximo de pessoas poss\u00edvel. Nosso principal interesse sempre ser\u00e1 seu bem estar. E como consequ\u00eancia um resultado est\u00e9tico excelente! Sou capacitado para atender qualquer tipo de situa\u00e7\u00e3o que meus alunos me apresentarem. Tenho hist\u00f3rico excelente de recupera\u00e7\u00e3o de les\u00e3o em meus alunos.<\/p>\n<h2>Resultados<\/h2>\n<p>Se liga nos resultados de alguns alunos que se empenham todos os dias!<\/p>\n<style>\/*! elementor - v3.14.0 - 26-06-2023 *\/\n.elementor-widget-image-carousel .swiper,.elementor-widget-image-carousel .swiper-container{position:static}.elementor-widget-image-carousel .swiper-container .swiper-slide figure,.elementor-widget-image-carousel .swiper .swiper-slide figure{line-height:inherit}.elementor-widget-image-carousel .swiper-slide{text-align:center}.elementor-image-carousel-wrapper:not(.swiper-container-initialized):not(.swiper-initialized) .swiper-slide{max-width:calc(100% \/ var(--e-image-carousel-slides-to-show, 3))}<\/style>\n<figure><img decoding=\"async\" src=\"http:\/\/zzaopersonal.net\/wp-content\/uploads\/elementor\/thumbs\/WhatsApp-Image-2023-04-17-at-08.29.23-1-q7j3imkmeg5vjqh3bpkk3n9pln4mqqrs0y54ut4rds.jpeg\" alt=\"WhatsApp Image 2023-04-17 at 08.29.23 (1)\" \/><\/figure>\n<figure><img decoding=\"async\" src=\"http:\/\/zzaopersonal.net\/wp-content\/uploads\/elementor\/thumbs\/WhatsApp-Image-2023-04-17-at-08.29.23-q7j3inigla75vcfq67z6o51670zzyfvid2smc33d7k.jpeg\" alt=\"WhatsApp Image 2023-04-17 at 08.29.23\" \/><\/figure>\n<figure><img decoding=\"async\" src=\"http:\/\/zzaopersonal.net\/wp-content\/uploads\/elementor\/thumbs\/img3-q7j40axcxaczvqsr3umzhoorri04hty24fsur4x8dc.jpg\" alt=\"img3\" \/><\/figure>\n<figure><img decoding=\"async\" src=\"http:\/\/zzaopersonal.net\/wp-content\/uploads\/elementor\/thumbs\/img4-q7j40bv744ea7crdyd1m26g8cvvhpj1sgkgc8evu74.jpg\" alt=\"img4\" \/><\/figure>\n<h2>Planos<\/h2>\n<p>\t\t\t\t\t\t\t\t\t\t\t\t\t\t\t<img decoding=\"async\" width=\"222\" height=\"223\" src=\"http:\/\/zzaopersonal.net\/wp-content\/uploads\/2023\/06\/foto1.png\" alt=\"\" loading=\"lazy\" srcset=\"https:\/\/zzaopersonal.net\/wp-content\/uploads\/2023\/06\/foto1.png 222w, https:\/\/zzaopersonal.net\/wp-content\/uploads\/2023\/06\/foto1-150x150.png 150w\" sizes=\"auto, (max-width: 222px) 100vw, 222px\" \/>\t\t\t\t\t\t\t\t\t\t\t\t\t\t\t<\/p>\n<h2>Plano Mensal<\/h2>\n<p>Acompanhamento Personalizado<\/p>\n<style>\/*! elementor - v3.14.0 - 26-06-2023 *\/\n.elementor-widget-divider{--divider-border-style:none;--divider-border-width:1px;--divider-color:#0c0d0e;--divider-icon-size:20px;--divider-element-spacing:10px;--divider-pattern-height:24px;--divider-pattern-size:20px;--divider-pattern-url:none;--divider-pattern-repeat:repeat-x}.elementor-widget-divider .elementor-divider{display:flex}.elementor-widget-divider .elementor-divider__text{font-size:15px;line-height:1;max-width:95%}.elementor-widget-divider .elementor-divider__element{margin:0 var(--divider-element-spacing);flex-shrink:0}.elementor-widget-divider .elementor-icon{font-size:var(--divider-icon-size)}.elementor-widget-divider .elementor-divider-separator{display:flex;margin:0;direction:ltr}.elementor-widget-divider--view-line_icon .elementor-divider-separator,.elementor-widget-divider--view-line_text .elementor-divider-separator{align-items:center}.elementor-widget-divider--view-line_icon .elementor-divider-separator:after,.elementor-widget-divider--view-line_icon .elementor-divider-separator:before,.elementor-widget-divider--view-line_text .elementor-divider-separator:after,.elementor-widget-divider--view-line_text .elementor-divider-separator:before{display:block;content:\"\";border-bottom:0;flex-grow:1;border-top:var(--divider-border-width) var(--divider-border-style) var(--divider-color)}.elementor-widget-divider--element-align-left .elementor-divider .elementor-divider-separator>.elementor-divider__svg:first-of-type{flex-grow:0;flex-shrink:100}.elementor-widget-divider--element-align-left .elementor-divider-separator:before{content:none}.elementor-widget-divider--element-align-left .elementor-divider__element{margin-left:0}.elementor-widget-divider--element-align-right .elementor-divider .elementor-divider-separator>.elementor-divider__svg:last-of-type{flex-grow:0;flex-shrink:100}.elementor-widget-divider--element-align-right .elementor-divider-separator:after{content:none}.elementor-widget-divider--element-align-right .elementor-divider__element{margin-right:0}.elementor-widget-divider:not(.elementor-widget-divider--view-line_text):not(.elementor-widget-divider--view-line_icon) .elementor-divider-separator{border-top:var(--divider-border-width) var(--divider-border-style) var(--divider-color)}.elementor-widget-divider--separator-type-pattern{--divider-border-style:none}.elementor-widget-divider--separator-type-pattern.elementor-widget-divider--view-line .elementor-divider-separator,.elementor-widget-divider--separator-type-pattern:not(.elementor-widget-divider--view-line) .elementor-divider-separator:after,.elementor-widget-divider--separator-type-pattern:not(.elementor-widget-divider--view-line) .elementor-divider-separator:before,.elementor-widget-divider--separator-type-pattern:not([class*=elementor-widget-divider--view]) .elementor-divider-separator{width:100%;min-height:var(--divider-pattern-height);-webkit-mask-size:var(--divider-pattern-size) 100%;mask-size:var(--divider-pattern-size) 100%;-webkit-mask-repeat:var(--divider-pattern-repeat);mask-repeat:var(--divider-pattern-repeat);background-color:var(--divider-color);-webkit-mask-image:var(--divider-pattern-url);mask-image:var(--divider-pattern-url)}.elementor-widget-divider--no-spacing{--divider-pattern-size:auto}.elementor-widget-divider--bg-round{--divider-pattern-repeat:round}.rtl .elementor-widget-divider .elementor-divider__text{direction:rtl}.e-con-inner>.elementor-widget-divider,.e-con>.elementor-widget-divider{width:var(--container-widget-width,100%);--flex-grow:var(--container-widget-flex-grow)}<\/style>\n<p>Acompanhamento<\/p>\n<p>Todos os Dias<\/p>\n<p>Mudan\u00e7a de Ficha<\/p>\n<p>Mensalmente<\/p>\n<h2>R$ 70,00<\/h2>\n<p>\t\t\t<a href=\"https:\/\/wa.me\/553299502026?text=Ol%C3%A1%21+Visitei+seu+site+e+tenho+interesse+no+Plano+Mensal\"><br \/>\n\t\t\t\t\t\tENVIE UMA MENSAGEM<br \/>\n\t\t\t\t\t<\/a><br \/>\n\t\t\t\t\t\t\t\t\t\t\t\t\t\t\t<img decoding=\"async\" width=\"222\" height=\"223\" src=\"http:\/\/zzaopersonal.net\/wp-content\/uploads\/2023\/06\/foto1.png\" alt=\"\" loading=\"lazy\" srcset=\"https:\/\/zzaopersonal.net\/wp-content\/uploads\/2023\/06\/foto1.png 222w, https:\/\/zzaopersonal.net\/wp-content\/uploads\/2023\/06\/foto1-150x150.png 150w\" sizes=\"auto, (max-width: 222px) 100vw, 222px\" \/>\t\t\t\t\t\t\t\t\t\t\t\t\t\t\t<\/p>\n<h2>Plano Trimestral<\/h2>\n<p>Acompanhamento com fotos<\/p>\n<p>Acompanhamento<\/p>\n<p>Todos os dias personalizado<\/p>\n<p>Mudan\u00e7a de Ficha<\/p>\n<p>Mensalmente e Avalia\u00e7\u00e3o Profissional<\/p>\n<h2>R$ 190,00<\/h2>\n<p>\t\t\t<a href=\"https:\/\/wa.me\/553299502026?text=Ol%C3%A1%21+Visitei+seu+site+e+tenho+interesse+no+Plano+Trimestral\"><br \/>\n\t\t\t\t\t\tENVIE UMA MENSAGEM<br \/>\n\t\t\t\t\t<\/a><br \/>\n\t\t\t\t\t\t\t\t\t\t\t\t\t\t\t<img decoding=\"async\" width=\"222\" height=\"223\" src=\"http:\/\/zzaopersonal.net\/wp-content\/uploads\/2023\/06\/foto1.png\" alt=\"\" loading=\"lazy\" srcset=\"https:\/\/zzaopersonal.net\/wp-content\/uploads\/2023\/06\/foto1.png 222w, https:\/\/zzaopersonal.net\/wp-content\/uploads\/2023\/06\/foto1-150x150.png 150w\" sizes=\"auto, (max-width: 222px) 100vw, 222px\" \/>\t\t\t\t\t\t\t\t\t\t\t\t\t\t\t<\/p>\n<h2>Plano Mensal<\/h2>\n<p>Acompanhamento com fotos<\/p>\n<p>Acompanhamento<\/p>\n<p>Todos os dias personalizado<\/p>\n<p>Mudan\u00e7a de Ficha<\/p>\n<p>Mensalmente e Avalia\u00e7\u00e3o Profissional<\/p>\n<h2>R$ 360,00<\/h2>\n<p>\t\t\t<a href=\"https:\/\/wa.me\/553299502026?text=Ol%C3%A1%21+Visitei+seu+site+e+tenho+interesse+no+Plano+Semestral\"><br \/>\n\t\t\t\t\t\tENVIE UMA MENSAGEM<br \/>\n\t\t\t\t\t<\/a><\/p>\n<h2>Contato<\/h2>\n<p>Preencha o formul\u00e1rio e, assim que poss\u00edvel, vou te responder!<\/p>\n<p role=\"status\" aria-live=\"polite\" aria-atomic=\"true\">\n<ul><\/ul>\n<form action=\"\/wp-admin\/admin-ajax.php#wpcf7-f166-o1\" method=\"post\" aria-label=\"Formul\u00e1rios de contato\" novalidate=\"novalidate\" data-status=\"init\">\n<input type=\"hidden\" name=\"_wpcf7\" value=\"166\" \/><br \/>\n<input type=\"hidden\" name=\"_wpcf7_version\" value=\"5.7.7\" \/><br \/>\n<input type=\"hidden\" name=\"_wpcf7_locale\" value=\"pt_BR\" \/><br \/>\n<input type=\"hidden\" name=\"_wpcf7_unit_tag\" value=\"wpcf7-f166-o1\" \/><br \/>\n<input type=\"hidden\" name=\"_wpcf7_container_post\" value=\"0\" \/><br \/>\n<input type=\"hidden\" name=\"_wpcf7_posted_data_hash\" value=\"\" \/><\/p>\n<p><input size=\"40\" aria-invalid=\"false\" placeholder=\"Seu nome:\" value=\"\" type=\"text\" name=\"nome\" \/><br \/>\n<input size=\"40\" aria-required=\"true\" aria-invalid=\"false\" placeholder=\"Seu e-mail:\" value=\"\" type=\"email\" name=\"email\" \/><br \/>\n<input size=\"40\" aria-invalid=\"false\" placeholder=\"Qual o assunto?\" value=\"\" type=\"text\" name=\"assunto\" \/><br \/>\n<textarea cols=\"40\" rows=\"10\" aria-invalid=\"false\" placeholder=\"Sua mensagem:\" name=\"mensagem\"><\/textarea>\n<\/p>\n<p><input type=\"submit\" value=\"Enviar\" \/>\n<\/p>\n<\/form>\n","protected":false},"excerpt":{"rendered":"<p>PRAZER, GABRIEL AZEVEDO! Meu nome \u00e9 Gabriel Azevedo de Paula Arcanjo. Sou um cara que v\u00ea prazer em ver o resultado dos meu alunos. Sejam esses resultados f\u00edsicos ou at\u00e9 mesmo psicol\u00f3gicos. Meu intuito com a consultoria e poder atender de forma correta e prestativa o m\u00e1ximo de pessoas poss\u00edvel. Nosso principal interesse sempre ser\u00e1 [&hellip;]<\/p>\n","protected":false},"author":1,"featured_media":0,"parent":0,"menu_order":0,"comment_status":"closed","ping_status":"closed","template":"elementor_header_footer","meta":{"footnotes":""},"class_list":["post-9","page","type-page","status-publish","hentry"],"_links":{"self":[{"href":"https:\/\/zzaopersonal.net\/index.php\/wp-json\/wp\/v2\/pages\/9","targetHints":{"allow":["GET"]}}],"collection":[{"href":"https:\/\/zzaopersonal.net\/index.php\/wp-json\/wp\/v2\/pages"}],"about":[{"href":"https:\/\/zzaopersonal.net\/index.php\/wp-json\/wp\/v2\/types\/page"}],"author":[{"embeddable":true,"href":"https:\/\/zzaopersonal.net\/index.php\/wp-json\/wp\/v2\/users\/1"}],"replies":[{"embeddable":true,"href":"https:\/\/zzaopersonal.net\/index.php\/wp-json\/wp\/v2\/comments?post=9"}],"version-history":[{"count":315,"href":"https:\/\/zzaopersonal.net\/index.php\/wp-json\/wp\/v2\/pages\/9\/revisions"}],"predecessor-version":[{"id":585,"href":"https:\/\/zzaopersonal.net\/index.php\/wp-json\/wp\/v2\/pages\/9\/revisions\/585"}],"wp:attachment":[{"href":"https:\/\/zzaopersonal.net\/index.php\/wp-json\/wp\/v2\/media?parent=9"}],"curies":[{"name":"wp","href":"https:\/\/api.w.org\/{rel}","templated":true}]}}